{"id":26,"date":"2022-07-02T19:57:21","date_gmt":"2022-07-02T17:57:21","guid":{"rendered":"http:\/\/stage.riadlaterrassedesoliviers.com\/?page_id=26"},"modified":"2022-07-17T19:46:58","modified_gmt":"2022-07-17T17:46:58","slug":"accueil","status":"publish","type":"page","link":"https:\/\/758617.web21.swisscenter.com\/en\/","title":{"rendered":"Accueil"},"content":{"rendered":"\n<p class=\"has-text-align-center\"><span class=\"text-lead-1\">La Terrasse des Oliviers, charme, convivialit\u00e9 et authenticit\u00e9 au c\u0153ur de la m\u00e9dina de Marrakech<\/span><\/p>\n\n\n\n<p>Riad de charme dans la m\u00e9dina de Marrakech, cette maison d\u2019h\u00f4te est situ\u00e9e dans le quartier de Bab Doukkala, \u00e0 deux pas des fabuleux jardins Majorelle et de son mus\u00e9e Yves Saint Laurent et \u00e0 quinze minutes de la place Jemaa El Fna en passant pas les souks.<\/p>\n\n\n\n<p>Au Riad La Terrasse des Oliviers, nous vous offrons tous les ingr\u00e9dients pour un d\u00e9paysement alliant tradition, confort et service personnalis\u00e9.<\/p>\n\n\n\n<a href=\"\/demande-doffre\"  class=\"button-block  align-center\" style=\"\">\n\tR\u00e9server<\/a>\n","protected":false},"excerpt":{"rendered":"<p>La Terrasse des Oliviers, charme, convivialit\u00e9 et authenticit\u00e9 au c\u0153ur de la m\u00e9dina de Marrakech Riad de charme dans la m\u00e9dina de Marrakech, cette maison d\u2019h\u00f4te est situ\u00e9e dans le quartier de Bab Doukkala, \u00e0 deux pas des fabuleux jardins Majorelle et de son mus\u00e9e Yves Saint Laurent et \u00e0 quinze minutes de la place [&hellip;]<\/p>\n","protected":false},"author":1,"featured_media":40,"parent":0,"menu_order":0,"comment_status":"closed","ping_status":"closed","template":"","meta":[],"acf":[],"_links":{"self":[{"href":"https:\/\/758617.web21.swisscenter.com\/en\/wp-json\/wp\/v2\/pages\/26"}],"collection":[{"href":"https:\/\/758617.web21.swisscenter.com\/en\/wp-json\/wp\/v2\/pages"}],"about":[{"href":"https:\/\/758617.web21.swisscenter.com\/en\/wp-json\/wp\/v2\/types\/page"}],"author":[{"embeddable":true,"href":"https:\/\/758617.web21.swisscenter.com\/en\/wp-json\/wp\/v2\/users\/1"}],"replies":[{"embeddable":true,"href":"https:\/\/758617.web21.swisscenter.com\/en\/wp-json\/wp\/v2\/comments?post=26"}],"version-history":[{"count":2,"href":"https:\/\/758617.web21.swisscenter.com\/en\/wp-json\/wp\/v2\/pages\/26\/revisions"}],"predecessor-version":[{"id":117,"href":"https:\/\/758617.web21.swisscenter.com\/en\/wp-json\/wp\/v2\/pages\/26\/revisions\/117"}],"wp:featuredmedia":[{"embeddable":true,"href":"https:\/\/758617.web21.swisscenter.com\/en\/wp-json\/wp\/v2\/media\/40"}],"wp:attachment":[{"href":"https:\/\/758617.web21.swisscenter.com\/en\/wp-json\/wp\/v2\/media?parent=26"}],"curies":[{"name":"wp","href":"https:\/\/api.w.org\/{rel}","templated":true}]}}