{"id":44,"date":"2022-07-03T22:37:44","date_gmt":"2022-07-03T20:37:44","guid":{"rendered":"http:\/\/stage.riadlaterrassedesoliviers.com\/?page_id=44"},"modified":"2022-12-06T20:44:57","modified_gmt":"2022-12-06T19:44:57","slug":"le-riad","status":"publish","type":"page","link":"https:\/\/758617.web21.swisscenter.com\/en\/le-riad\/","title":{"rendered":"Le Riad"},"content":{"rendered":"\n<p class=\"has-text-align-center\"><span class=\"text-lead-1\">La Terrasse des Oliviers, Riad de charme de 6 chambres est situ\u00e9 dans le quartier texte \u00e0 affiner<\/span><\/p>\n\n\n\n<p>La Terrasse des Oliviers, Riad de charme de 6 chambres est situ\u00e9 dans le quartier de Bab Doukkala au nord de la m\u00e9dina de Marrakech et est id\u00e9alement centr\u00e9 \u00e0 10 minutes \u00e0 pied du superbe jardin Majorelle, \u00e0 15 minutes \u00e0 pied de la place Jemaa El Fna en passant par les souks et \u00e0 15 minutes \u00e0 pied de la nouvelle ville de Gueliz, la Terrasse des Oliviers existe en maison d\u2019h\u00f4te depuis plus de 20 ans et est class\u00e9 en cat\u00e9gorie 2 selon les normes h\u00f4teli\u00e8res marocaines.<\/p>\n\n\n\n<p>Un d\u00e9cor traditionnel caract\u00e9rise ce Riad o\u00f9 toute la beaut\u00e9 de l\u2019artisanat marocain est magnifi\u00e9e. Des plafonds en pl\u00e2tre sculpt\u00e9s \u00e0 l\u2019incroyable plafond en marqueterie de bois de c\u00e8dre et de bois de citronnier, du tadelakt de diverses couleurs, des zelliges savamment travaill\u00e9s, et ses sols en bejmat naturel.<\/p>\n\n\n\n<p>Au rez-de-chauss\u00e9e dans le patio, vous trouverez un petit salon pour votre d\u00e9tente, vos petits d\u00e9jeuners ou vos d\u00e9licieux diners typiquement marocain. Un petit bassin vous permettra de vous rafra\u00eechir. Au 1er \u00e9tage, vous pourrez profiter d\u2019un salon au superbe plafond en bois de c\u00e8dre dans lequel vous pourrez \u00e9galement prendre vos repas ou vos th\u00e9s \u00e0 la menthe. Sur la terrasse v\u00e9g\u00e9talis\u00e9e, nous vous proposons des transats pour profiter de la chaleur et du soleil marocain, des canap\u00e9s pour votre d\u00e9tente ainsi qu\u2019une pergola sous laquelle vous pourrez appr\u00e9cier vos petits-d\u00e9jeuners et vous r\u00e9galer d\u2019un d\u00e9licieux diner typiquement marocain.<\/p>\n\n\n\n<p>Le Riad est facilement accessible en taxi et un parking se trouve \u00e0 proximit\u00e9 pour ceux et celles qui voyagent en voiture.<\/p>\n\n\n\n<a href=\"\/demande-doffre\"  class=\"button-block  align-center\" style=\"\">\n\tR\u00e9server<\/a>\n","protected":false},"excerpt":{"rendered":"<p>La Terrasse des Oliviers, Riad de charme de 6 chambres est situ\u00e9 dans le quartier texte \u00e0 affiner La Terrasse des Oliviers, Riad de charme de 6 chambres est situ\u00e9 dans le quartier de Bab Doukkala au nord de la m\u00e9dina de Marrakech et est id\u00e9alement centr\u00e9 \u00e0 10 minutes \u00e0 pied du superbe jardin [&hellip;]<\/p>\n","protected":false},"author":1,"featured_media":211,"parent":0,"menu_order":0,"comment_status":"closed","ping_status":"closed","template":"","meta":[],"acf":[],"_links":{"self":[{"href":"https:\/\/758617.web21.swisscenter.com\/en\/wp-json\/wp\/v2\/pages\/44"}],"collection":[{"href":"https:\/\/758617.web21.swisscenter.com\/en\/wp-json\/wp\/v2\/pages"}],"about":[{"href":"https:\/\/758617.web21.swisscenter.com\/en\/wp-json\/wp\/v2\/types\/page"}],"author":[{"embeddable":true,"href":"https:\/\/758617.web21.swisscenter.com\/en\/wp-json\/wp\/v2\/users\/1"}],"replies":[{"embeddable":true,"href":"https:\/\/758617.web21.swisscenter.com\/en\/wp-json\/wp\/v2\/comments?post=44"}],"version-history":[{"count":2,"href":"https:\/\/758617.web21.swisscenter.com\/en\/wp-json\/wp\/v2\/pages\/44\/revisions"}],"predecessor-version":[{"id":216,"href":"https:\/\/758617.web21.swisscenter.com\/en\/wp-json\/wp\/v2\/pages\/44\/revisions\/216"}],"wp:featuredmedia":[{"embeddable":true,"href":"https:\/\/758617.web21.swisscenter.com\/en\/wp-json\/wp\/v2\/media\/211"}],"wp:attachment":[{"href":"https:\/\/758617.web21.swisscenter.com\/en\/wp-json\/wp\/v2\/media?parent=44"}],"curies":[{"name":"wp","href":"https:\/\/api.w.org\/{rel}","templated":true}]}}