{"id":58,"date":"2022-07-03T23:24:04","date_gmt":"2022-07-03T21:24:04","guid":{"rendered":"http:\/\/stage.riadlaterrassedesoliviers.com\/?page_id=58"},"modified":"2022-07-26T17:32:10","modified_gmt":"2022-07-26T15:32:10","slug":"table-dhotes","status":"publish","type":"page","link":"https:\/\/758617.web21.swisscenter.com\/en\/table-dhotes\/","title":{"rendered":"Table d&#8217;h\u00f4tes"},"content":{"rendered":"\n<p class=\"has-text-align-center\"><span class=\"text-lead-1\">D\u00e9guster une savoureuse cuisine marocaine pr\u00e9par\u00e9e par Malika<\/span><\/p>\n\n\n\n<p>Un diner romantique aux chandelles avec la cuisine authentique de Malika, pleine de saveurs, \u00e0 d\u00e9guster soit sur la terrasse du Riad, soit dans un des salons, en table d&#8217;h\u00f4tes ou en t\u00eate \u00e0 t\u00eate. Du couscous royal aux tagines de poulet au citron, en passant par la kefta aux oeufs, vous allez passer des moments inoubliables.<\/p>\n\n\n\n<p><\/p>\n\n\n\n<p><\/p>\n\n\n\n<p><\/p>\n","protected":false},"excerpt":{"rendered":"<p>D\u00e9guster une savoureuse cuisine marocaine pr\u00e9par\u00e9e par Malika Un diner romantique aux chandelles avec la cuisine authentique de Malika, pleine de saveurs, \u00e0 d\u00e9guster soit sur la terrasse du Riad, soit dans un des salons, en table d&#8217;h\u00f4tes ou en t\u00eate \u00e0 t\u00eate. Du couscous royal aux tagines de poulet au citron, en passant par [&hellip;]<\/p>\n","protected":false},"author":1,"featured_media":61,"parent":0,"menu_order":0,"comment_status":"closed","ping_status":"closed","template":"","meta":[],"acf":[],"_links":{"self":[{"href":"https:\/\/758617.web21.swisscenter.com\/en\/wp-json\/wp\/v2\/pages\/58"}],"collection":[{"href":"https:\/\/758617.web21.swisscenter.com\/en\/wp-json\/wp\/v2\/pages"}],"about":[{"href":"https:\/\/758617.web21.swisscenter.com\/en\/wp-json\/wp\/v2\/types\/page"}],"author":[{"embeddable":true,"href":"https:\/\/758617.web21.swisscenter.com\/en\/wp-json\/wp\/v2\/users\/1"}],"replies":[{"embeddable":true,"href":"https:\/\/758617.web21.swisscenter.com\/en\/wp-json\/wp\/v2\/comments?post=58"}],"version-history":[{"count":2,"href":"https:\/\/758617.web21.swisscenter.com\/en\/wp-json\/wp\/v2\/pages\/58\/revisions"}],"predecessor-version":[{"id":159,"href":"https:\/\/758617.web21.swisscenter.com\/en\/wp-json\/wp\/v2\/pages\/58\/revisions\/159"}],"wp:featuredmedia":[{"embeddable":true,"href":"https:\/\/758617.web21.swisscenter.com\/en\/wp-json\/wp\/v2\/media\/61"}],"wp:attachment":[{"href":"https:\/\/758617.web21.swisscenter.com\/en\/wp-json\/wp\/v2\/media?parent=58"}],"curies":[{"name":"wp","href":"https:\/\/api.w.org\/{rel}","templated":true}]}}