{"id":64,"date":"2022-07-03T23:31:20","date_gmt":"2022-07-03T21:31:20","guid":{"rendered":"http:\/\/stage.riadlaterrassedesoliviers.com\/?page_id=64"},"modified":"2022-07-03T23:32:37","modified_gmt":"2022-07-03T21:32:37","slug":"services","status":"publish","type":"page","link":"https:\/\/758617.web21.swisscenter.com\/en\/services\/","title":{"rendered":"Services"},"content":{"rendered":"\n<ul class=\"item-list\"><li>Petit d\u00e9jeuner (inclus dans le prix de la chambre)<\/li><li>Blanchisserie et\/ou repassage<\/li><li>Restaurant Marocain (sur demande avant midi et pour le soir uniquement)<\/li><li>Baby Sitter<\/li><li>WIFI (inclus dans le prix de la chambre)<\/li><li>Eau min\u00e9rale, caf\u00e9 et th\u00e9 (inclus dans le prix de la chambre)<\/li><li>Hammam et Massage (en dehors du Riad)<\/li><li>Cours de cuisine (en dehors du Riad)<\/li><li>Visites guid\u00e9es (en dehors du Riad)<\/li><li>Transferts de et vers l\u2019a\u00e9roport de Marrakech ou de Casablanca<\/li><li>Voiture avec chauffeur<\/li><li>Organisation d\u2019excursions en interne<\/li><li>Organisation d\u2019excursions avec d\u2019autre organismes<\/li><\/ul>\n\n\n\n<a href=\"\/contact\" target=\"_blank\" class=\"button-block  align-center\" style=\"\">\n\tContact<\/a>\n","protected":false},"excerpt":{"rendered":"<p>Petit d\u00e9jeuner (inclus dans le prix de la chambre) Blanchisserie et\/ou repassage Restaurant Marocain (sur demande avant midi et pour le soir uniquement) Baby Sitter WIFI (inclus dans le prix de la chambre) Eau min\u00e9rale, caf\u00e9 et th\u00e9 (inclus dans le prix de la chambre) Hammam et Massage (en dehors du Riad) Cours de cuisine [&hellip;]<\/p>\n","protected":false},"author":1,"featured_media":0,"parent":0,"menu_order":0,"comment_status":"closed","ping_status":"closed","template":"","meta":[],"acf":[],"_links":{"self":[{"href":"https:\/\/758617.web21.swisscenter.com\/en\/wp-json\/wp\/v2\/pages\/64"}],"collection":[{"href":"https:\/\/758617.web21.swisscenter.com\/en\/wp-json\/wp\/v2\/pages"}],"about":[{"href":"https:\/\/758617.web21.swisscenter.com\/en\/wp-json\/wp\/v2\/types\/page"}],"author":[{"embeddable":true,"href":"https:\/\/758617.web21.swisscenter.com\/en\/wp-json\/wp\/v2\/users\/1"}],"replies":[{"embeddable":true,"href":"https:\/\/758617.web21.swisscenter.com\/en\/wp-json\/wp\/v2\/comments?post=64"}],"version-history":[{"count":2,"href":"https:\/\/758617.web21.swisscenter.com\/en\/wp-json\/wp\/v2\/pages\/64\/revisions"}],"predecessor-version":[{"id":66,"href":"https:\/\/758617.web21.swisscenter.com\/en\/wp-json\/wp\/v2\/pages\/64\/revisions\/66"}],"wp:attachment":[{"href":"https:\/\/758617.web21.swisscenter.com\/en\/wp-json\/wp\/v2\/media?parent=64"}],"curies":[{"name":"wp","href":"https:\/\/api.w.org\/{rel}","templated":true}]}}