{"id":78,"date":"2022-07-10T00:40:04","date_gmt":"2022-07-09T22:40:04","guid":{"rendered":"http:\/\/stage.riadlaterrassedesoliviers.com\/?page_id=78"},"modified":"2022-07-11T01:56:38","modified_gmt":"2022-07-10T23:56:38","slug":"conditions-generales","status":"publish","type":"page","link":"https:\/\/758617.web21.swisscenter.com\/en\/conditions-generales\/","title":{"rendered":"Conditions g\u00e9n\u00e9rales"},"content":{"rendered":"\n<hr class=\"wp-block-separator has-alpha-channel-opacity\"\/>\n\n\n\n<h3>Politique tarifaire<\/h3>\n\n\n\n<p>Les prix sont bas\u00e9s pour une occupation de 2 personnes par chambre.<\/p>\n\n\n\n<p>Les prix comprennent le logement, les petits-d\u00e9jeuners, l\u2019eau min\u00e9rale, le caf\u00e9, le th\u00e9 marocain et le WIFI.<\/p>\n\n\n\n<p>Les prix ne comprennent pas les taxes de s\u00e9jour de 2.50 euros par nuit et par adulte.<\/p>\n\n\n\n<p>Certaines chambres permettent de loger un troisi\u00e8me et un quatri\u00e8me adulte sur des canap\u00e9s convertibles pour un suppl\u00e9ment de 15 euros par nuit par lit suppl\u00e9mentaire.<\/p>\n\n\n\n<hr class=\"wp-block-separator has-alpha-channel-opacity\"\/>\n\n\n\n<h3>Enfants<\/h3>\n\n\n\n<p>Les enfants sont les bienvenus.<\/p>\n\n\n\n<p>\u00c0 partir de 12 ans, les enfants sont consid\u00e9r\u00e9s comme des adultes.<br>Les enfants de 11 ans et moins logent gratuitement dans la chambre des parents.<\/p>\n\n\n\n<p>Des lits pour b\u00e9b\u00e9s sont gracieusement mis \u00e0 disposition selon disponibilit\u00e9s.<\/p>\n\n\n\n<hr class=\"wp-block-separator has-alpha-channel-opacity\"\/>\n\n\n\n<h3>Check-in et check-out<\/h3>\n\n\n\n<p>Le check-in est possible 24\/24. Toutefois, si la chambre est occup\u00e9e par de pr\u00e9c\u00e9dents voyageurs, le check-in ne peut avoir lieu avant 13h00.<\/p>\n\n\n\n<p>Le check-out a lieu \u00e0 10h00 au plus tard (sauf si la chambre est libre apr\u00e8s vous).<\/p>\n\n\n\n<hr class=\"wp-block-separator has-alpha-channel-opacity\"\/>\n\n\n\n<h3>Paiement<\/h3>\n\n\n\n<p>Nous acceptons VISA, Master Card ainsi que la plupart des cartes de d\u00e9bit. Nous n\u2019acceptons pas AMEX.<\/p>\n\n\n\n<p>Une r\u00e9duction est offerte en cas de paiement en esp\u00e8ces (sur le prix du logement uniquement et hors taxes de s\u00e9jour).<\/p>\n\n\n\n<hr class=\"wp-block-separator has-alpha-channel-opacity\"\/>\n\n\n\n<h3>Divers<\/h3>\n\n\n\n<p>Les animaux de compagnie de petite taille sont accept\u00e9s sur demande.<\/p>\n\n\n\n<hr class=\"wp-block-separator has-alpha-channel-opacity\"\/>\n\n\n\n<h4>R\u00e9servation<\/h4>\n\n\n\n<p>Afin de garantir votre r\u00e9servation, un acompte de 30% du montant total du s\u00e9jour (hors taxes de s\u00e9jour) est demand\u00e9. Cet acompte peut \u00eatre pay\u00e9 par virement bancaire ou par une autorisation de d\u00e9bit de carte de cr\u00e9dit.<br>Rien ne sera d\u00e9bit\u00e9 de la carte de cr\u00e9dit sauf en cas d\u2019annulation tardive (en dessous de la p\u00e9riode d\u2019annulation sans frais) ou de non-pr\u00e9sentation.<\/p>\n\n\n\n<h4>Annulation<\/h4>\n\n\n\n<p>Une annulation faite plus de 15 jours avant l\u2019arriv\u00e9e entraine le remboursement int\u00e9gral de l\u2019acompte vers\u00e9 ou la destruction des informations de carte de cr\u00e9dit sans aucun d\u00e9bit.<\/p>\n\n\n\n<p>Une annulation tardive (pendant la p\u00e9riode de 15 jours pr\u00e9c\u00e9dant l\u2019arriv\u00e9e) entraine l\u2019encaissement de 30% du montant total du s\u00e9jour par d\u00e9bit de la carte de cr\u00e9dit ou en conservant l\u2019acompte de r\u00e9servation.<br>Une non-pr\u00e9sentation entraine l\u2019encaissement de 100% du montant total du s\u00e9jour.<\/p>\n\n\n\n<p>Les cas de forces majeures (fermeture de fronti\u00e8re, maladie, etc.) entrainent le remboursement int\u00e9gral de l\u2019acompte ou la destruction des informations de carte de cr\u00e9dit sans aucun d\u00e9bit.<\/p>\n\n\n\n<hr class=\"wp-block-separator has-alpha-channel-opacity\"\/>\n\n\n\n<a href=\"\/contact\"  class=\"button-block  align-center\" style=\"\">\n\tContact<\/a>\n","protected":false},"excerpt":{"rendered":"<p>Politique tarifaire Les prix sont bas\u00e9s pour une occupation de 2 personnes par chambre. Les prix comprennent le logement, les petits-d\u00e9jeuners, l\u2019eau min\u00e9rale, le caf\u00e9, le th\u00e9 marocain et le WIFI. Les prix ne comprennent pas les taxes de s\u00e9jour de 2.50 euros par nuit et par adulte. Certaines chambres permettent de loger un troisi\u00e8me [&hellip;]<\/p>\n","protected":false},"author":1,"featured_media":0,"parent":0,"menu_order":0,"comment_status":"closed","ping_status":"closed","template":"","meta":[],"acf":[],"_links":{"self":[{"href":"https:\/\/758617.web21.swisscenter.com\/en\/wp-json\/wp\/v2\/pages\/78"}],"collection":[{"href":"https:\/\/758617.web21.swisscenter.com\/en\/wp-json\/wp\/v2\/pages"}],"about":[{"href":"https:\/\/758617.web21.swisscenter.com\/en\/wp-json\/wp\/v2\/types\/page"}],"author":[{"embeddable":true,"href":"https:\/\/758617.web21.swisscenter.com\/en\/wp-json\/wp\/v2\/users\/1"}],"replies":[{"embeddable":true,"href":"https:\/\/758617.web21.swisscenter.com\/en\/wp-json\/wp\/v2\/comments?post=78"}],"version-history":[{"count":2,"href":"https:\/\/758617.web21.swisscenter.com\/en\/wp-json\/wp\/v2\/pages\/78\/revisions"}],"predecessor-version":[{"id":101,"href":"https:\/\/758617.web21.swisscenter.com\/en\/wp-json\/wp\/v2\/pages\/78\/revisions\/101"}],"wp:attachment":[{"href":"https:\/\/758617.web21.swisscenter.com\/en\/wp-json\/wp\/v2\/media?parent=78"}],"curies":[{"name":"wp","href":"https:\/\/api.w.org\/{rel}","templated":true}]}}